{"id":910,"date":"2022-08-24T07:01:12","date_gmt":"2022-08-24T07:01:12","guid":{"rendered":"https:\/\/cosonthanhbinh.com\/dieu-khoan-su-dung\/"},"modified":"2023-01-16T02:31:41","modified_gmt":"2023-01-16T02:31:41","slug":"dieu-khoan-su-dung","status":"publish","type":"page","link":"https:\/\/cosonthanhbinh.com\/en\/dieu-khoan-su-dung\/","title":{"rendered":"\u0110i\u1ec1u kho\u1ea3n s\u1eed d\u1ee5ng"},"content":{"rendered":"<p>B\u1eb1ng vi\u1ec7c gh\u00e9 th\u0103m website cosonthanhbinh.com v\u00e0 s\u1eed d\u1ee5ng c\u00e1c D\u1ecbch v\u1ee5, B\u1ea1n \u0111\u1ed3ng \u00fd b\u1ecb r\u00e0ng bu\u1ed9c v\u1edbi \u0110i\u1ec1u kho\u1ea3n S\u1eed d\u1ee5ng n\u00e0y, Ch\u00ednh s\u00e1ch Qu\u1ea3ng c\u00e1o v\u00e0 Ch\u00ednh s\u00e1ch B\u1ea3o m\u1eadt c\u1ee7a ch\u00fang t\u00f4i.<\/p>\n<p>Ch\u00fang t\u00f4i th\u1ef1c hi\u1ec7n \u0110i\u1ec1u kho\u1ea3n S\u1eed d\u1ee5ng n\u00e0y, Ch\u00ednh s\u00e1ch Qu\u1ea3ng c\u00e1o v\u00e0 Ch\u00ednh s\u00e1ch b\u1ea3o m\u1eadt theo quy \u0111\u1ecbnh c\u1ee7a ph\u00e1p lu\u1eadt hi\u1ec7n h\u00e0nh v\u00e0 kh\u00f4ng n\u1ed9i dung n\u00e0o trong c\u00e1c t\u00e0i li\u1ec7u tr\u00ean c\u1ea3n tr\u1edf quy\u1ec1n c\u1ee7a ch\u00fang t\u00f4i tu\u00e2n th\u1ee7 c\u00e1c quy \u0111\u1ecbnh ho\u1eb7c y\u00eau c\u1ea7u c\u1ee7a ch\u00ednh ph\u1ee7, t\u00f2a \u00e1n, c\u01a1 quan thi h\u00e0nh \u00e1n li\u00ean quan \u0111\u1ebfn vi\u1ec7c B\u1ea1n s\u1eed d\u1ee5ng c\u00e1c D\u1ecbch v\u1ee5 ho\u1eb7c th\u00f4ng tin do ch\u00fang t\u00f4i nh\u1eadn \u0111\u01b0\u1ee3c ho\u1eb7c thu \u0111\u01b0\u1ee3c t\u1eeb vi\u1ec7c s\u1eed d\u1ee5ng c\u00e1c D\u1ecbch v\u1ee5 c\u1ee7a B\u1ea1n.<\/p>\n","protected":false},"excerpt":{"rendered":"<p>B\u1eb1ng vi\u1ec7c gh\u00e9 th\u0103m website cosonthanhbinh.com v\u00e0 s\u1eed d\u1ee5ng c\u00e1c D\u1ecbch v\u1ee5, B\u1ea1n \u0111\u1ed3ng \u00fd b\u1ecb r\u00e0ng bu\u1ed9c v\u1edbi \u0110i\u1ec1u kho\u1ea3n S\u1eed d\u1ee5ng n\u00e0y, Ch\u00ednh s\u00e1ch Qu\u1ea3ng c\u00e1o v\u00e0 Ch\u00ednh s\u00e1ch B\u1ea3o m\u1eadt c\u1ee7a ch\u00fang t\u00f4i. Ch\u00fang t\u00f4i th\u1ef1c hi\u1ec7n \u0110i\u1ec1u kho\u1ea3n S\u1eed d\u1ee5ng n\u00e0y, Ch\u00ednh s\u00e1ch Qu\u1ea3ng c\u00e1o v\u00e0 Ch\u00ednh s\u00e1ch b\u1ea3o m\u1eadt theo &#8230; <a title=\"\u0110i\u1ec1u kho\u1ea3n s\u1eed d\u1ee5ng\" class=\"read-more\" href=\"https:\/\/cosonthanhbinh.com\/en\/dieu-khoan-su-dung\/\" aria-label=\"More on \u0110i\u1ec1u kho\u1ea3n s\u1eed d\u1ee5ng\">Read more<\/a><\/p>\n","protected":false},"author":2,"featured_media":0,"parent":0,"menu_order":0,"comment_status":"closed","ping_status":"closed","template":"","meta":{"footnotes":""},"class_list":["post-910","page","type-page","status-publish"],"acf":[],"_links":{"self":[{"href":"https:\/\/cosonthanhbinh.com\/en\/wp-json\/wp\/v2\/pages\/910","targetHints":{"allow":["GET"]}}],"collection":[{"href":"https:\/\/cosonthanhbinh.com\/en\/wp-json\/wp\/v2\/pages"}],"about":[{"href":"https:\/\/cosonthanhbinh.com\/en\/wp-json\/wp\/v2\/types\/page"}],"author":[{"embeddable":true,"href":"https:\/\/cosonthanhbinh.com\/en\/wp-json\/wp\/v2\/users\/2"}],"replies":[{"embeddable":true,"href":"https:\/\/cosonthanhbinh.com\/en\/wp-json\/wp\/v2\/comments?post=910"}],"version-history":[{"count":1,"href":"https:\/\/cosonthanhbinh.com\/en\/wp-json\/wp\/v2\/pages\/910\/revisions"}],"predecessor-version":[{"id":1746,"href":"https:\/\/cosonthanhbinh.com\/en\/wp-json\/wp\/v2\/pages\/910\/revisions\/1746"}],"wp:attachment":[{"href":"https:\/\/cosonthanhbinh.com\/en\/wp-json\/wp\/v2\/media?parent=910"}],"curies":[{"name":"wp","href":"https:\/\/api.w.org\/{rel}","templated":true}]}}