{"id":909,"date":"2022-08-24T07:02:05","date_gmt":"2022-08-24T00:02:05","guid":{"rendered":"https:\/\/cosonthanhbinh.com\/chinh-sach-bao-mat\/"},"modified":"2023-01-16T02:13:47","modified_gmt":"2023-01-16T02:13:47","slug":"chinh-sach","status":"publish","type":"page","link":"https:\/\/cosonthanhbinh.com\/en\/chinh-sach\/","title":{"rendered":"Ch\u00ednh s\u00e1ch"},"content":{"rendered":"<p>Nh\u1eb1m \u0111\u01a1n gi\u1ea3n h\u00f3a v\u00e0 minh b\u1ea1ch quy tr\u00ecnh mua h\u00e0ng, C\u1ecd S\u01a1n Thanh B\u00ecnh c\u00f3 nh\u1eefng ch\u00ednh s\u00e1ch d\u01b0\u1edbi \u0111\u00e2y. C\u00e1c ch\u00ednh s\u00e1ch nh\u01b0 kim ch\u1ec9 nam trong ho\u1ea1t \u0111\u1ed9ng mua b\u00e1n c\u0169ng nh\u01b0 gi\u1ea3i quy\u1ebft s\u1ef1 c\u1ed1 c\u1ee7a kh\u00e1ch h\u00e0ng.<\/p>\n<p>[one-fourth-first]<span style=\"color: #0000ff;\"><strong><a style=\"color: #0000ff;\" href=\"https:\/\/cosonthanhbinh.com\/chinh-sach-bao-mat\/chinh-sach-bao-hanh\/\">Ch\u00ednh s\u00e1ch b\u1ea3o h\u00e0nh<\/a><\/strong><\/span>[\/one-fourth-first]<br \/>\n[one-fourth]<strong><span style=\"color: #0000ff;\"><a style=\"color: #0000ff;\" href=\"https:\/\/cosonthanhbinh.com\/chinh-sach-bao-mat\/chinh-sach-van-chuyen\/\">Ch\u00ednh s\u00e1ch v\u1eadn chuy\u1ec3n<\/a><\/span><\/strong>[\/one-fourth]<br \/>\n[one-fourth]<strong><span style=\"color: #0000ff;\"><a style=\"color: #0000ff;\" href=\"https:\/\/cosonthanhbinh.com\/chinh-sach-bao-mat\/chinh-sach-bao-mat-thong-tin\/\">Ch\u00ednh s\u00e1ch b\u1ea3o m\u1eadt th\u00f4ng tin<\/a><\/span><\/strong>[\/one-fourth]<\/p>\n<p>[one-fourth]<span style=\"color: #0000ff;\"><strong><a style=\"color: #0000ff;\" href=\"https:\/\/cosonthanhbinh.com\/chinh-sach\/chinh-sach-dai-ly\/\">Ch\u00ednh s\u00e1ch \u0111\u1ea1i l\u00fd<\/a><\/strong><\/span>[\/one-fourth]<\/p>\n<div style=\"font-family: Arial; font-size: 16px; font-weight: 400; border: 2px; color: black; text-align: justify; line-height: 1.5; word-break: break-word;\"><\/div>\n","protected":false},"excerpt":{"rendered":"<p>Nh\u1eb1m \u0111\u01a1n gi\u1ea3n h\u00f3a v\u00e0 minh b\u1ea1ch quy tr\u00ecnh mua h\u00e0ng, C\u1ecd S\u01a1n Thanh B\u00ecnh c\u00f3 nh\u1eefng ch\u00ednh s\u00e1ch d\u01b0\u1edbi \u0111\u00e2y. C\u00e1c ch\u00ednh s\u00e1ch nh\u01b0 kim ch\u1ec9 nam trong ho\u1ea1t \u0111\u1ed9ng mua b\u00e1n c\u0169ng nh\u01b0 gi\u1ea3i quy\u1ebft s\u1ef1 c\u1ed1 c\u1ee7a kh\u00e1ch h\u00e0ng. [one-fourth-first]Ch\u00ednh s\u00e1ch b\u1ea3o h\u00e0nh[\/one-fourth-first] [one-fourth]Ch\u00ednh s\u00e1ch v\u1eadn chuy\u1ec3n[\/one-fourth] [one-fourth]Ch\u00ednh s\u00e1ch b\u1ea3o m\u1eadt th\u00f4ng &#8230; <a title=\"Ch\u00ednh s\u00e1ch\" class=\"read-more\" href=\"https:\/\/cosonthanhbinh.com\/en\/chinh-sach\/\" aria-label=\"More on Ch\u00ednh s\u00e1ch\">Read more<\/a><\/p>\n","protected":false},"author":2,"featured_media":0,"parent":0,"menu_order":0,"comment_status":"closed","ping_status":"closed","template":"","meta":{"footnotes":""},"class_list":["post-909","page","type-page","status-publish"],"acf":[],"_links":{"self":[{"href":"https:\/\/cosonthanhbinh.com\/en\/wp-json\/wp\/v2\/pages\/909","targetHints":{"allow":["GET"]}}],"collection":[{"href":"https:\/\/cosonthanhbinh.com\/en\/wp-json\/wp\/v2\/pages"}],"about":[{"href":"https:\/\/cosonthanhbinh.com\/en\/wp-json\/wp\/v2\/types\/page"}],"author":[{"embeddable":true,"href":"https:\/\/cosonthanhbinh.com\/en\/wp-json\/wp\/v2\/users\/2"}],"replies":[{"embeddable":true,"href":"https:\/\/cosonthanhbinh.com\/en\/wp-json\/wp\/v2\/comments?post=909"}],"version-history":[{"count":5,"href":"https:\/\/cosonthanhbinh.com\/en\/wp-json\/wp\/v2\/pages\/909\/revisions"}],"predecessor-version":[{"id":1751,"href":"https:\/\/cosonthanhbinh.com\/en\/wp-json\/wp\/v2\/pages\/909\/revisions\/1751"}],"wp:attachment":[{"href":"https:\/\/cosonthanhbinh.com\/en\/wp-json\/wp\/v2\/media?parent=909"}],"curies":[{"name":"wp","href":"https:\/\/api.w.org\/{rel}","templated":true}]}}